{"id":24428,"date":"2025-09-22T11:43:10","date_gmt":"2025-09-22T09:43:10","guid":{"rendered":"https:\/\/www.duinclub.com\/?page_id=24428"},"modified":"2025-09-22T12:03:20","modified_gmt":"2025-09-22T10:03:20","slug":"sistema-intern-informacio","status":"publish","type":"page","link":"https:\/\/www.duinclub.com\/ca\/sistema-intern-informacio\/","title":{"rendered":"Sistema intern d&#8217;informaci\u00f3"},"content":{"rendered":"","protected":false},"excerpt":{"rendered":"","protected":false},"author":5,"featured_media":0,"parent":0,"menu_order":93,"comment_status":"closed","ping_status":"open","template":"page-legales.php","meta":{"_acf_changed":false,"content-type":"","inline_featured_image":false,"footnotes":""},"class_list":["post-24428","page","type-page","status-publish","hentry"],"acf":[],"yoast_head":"<!-- This site is optimized with the Yoast SEO plugin v27.5 - https:\/\/yoast.com\/product\/yoast-seo-wordpress\/ -->\n<title>Sistema intern d&#039;informaci\u00f3 - DUIN<\/title>\n<meta name=\"description\" content=\"Sistema Intern de Informaci\u00f3 de DUIN SPORTS CLUB: canal segur i confidencial per informar sobre irregularitats amb transpar\u00e8ncia.\" \/>\n<meta name=\"robots\" content=\"index, follow, max-snippet:-1, max-image-preview:large, max-video-preview:-1\" \/>\n<link rel=\"canonical\" href=\"https:\/\/www.duinclub.com\/ca\/sistema-intern-informacio\/\" \/>\n<meta property=\"og:locale\" content=\"ca_ES\" \/>\n<meta property=\"og:type\" content=\"article\" \/>\n<meta property=\"og:title\" content=\"Sistema intern d&#039;informaci\u00f3 - DUIN\" \/>\n<meta property=\"og:description\" content=\"Sistema Intern de Informaci\u00f3 de DUIN SPORTS CLUB: canal segur i confidencial per informar sobre irregularitats amb transpar\u00e8ncia.\" \/>\n<meta property=\"og:url\" content=\"https:\/\/www.duinclub.com\/ca\/sistema-intern-informacio\/\" \/>\n<meta property=\"og:site_name\" content=\"DUIN\" \/>\n<meta property=\"article:modified_time\" content=\"2025-09-22T10:03:20+00:00\" \/>\n<meta name=\"twitter:card\" content=\"summary_large_image\" \/>\n<script type=\"application\/ld+json\" class=\"yoast-schema-graph\">{\"@context\":\"https:\\\/\\\/schema.org\",\"@graph\":[{\"@type\":\"WebPage\",\"@id\":\"https:\\\/\\\/www.duinclub.com\\\/ca\\\/sistema-intern-informacio\\\/\",\"url\":\"https:\\\/\\\/www.duinclub.com\\\/ca\\\/sistema-intern-informacio\\\/\",\"name\":\"Sistema intern d'informaci\u00f3 - DUIN\",\"isPartOf\":{\"@id\":\"https:\\\/\\\/www.duinclub.com\\\/ca\\\/#website\"},\"datePublished\":\"2025-09-22T09:43:10+00:00\",\"dateModified\":\"2025-09-22T10:03:20+00:00\",\"description\":\"Sistema Intern de Informaci\u00f3 de DUIN SPORTS CLUB: canal segur i confidencial per informar sobre irregularitats amb transpar\u00e8ncia.\",\"breadcrumb\":{\"@id\":\"https:\\\/\\\/www.duinclub.com\\\/ca\\\/sistema-intern-informacio\\\/#breadcrumb\"},\"inLanguage\":\"ca\",\"potentialAction\":[{\"@type\":\"ReadAction\",\"target\":[\"https:\\\/\\\/www.duinclub.com\\\/ca\\\/sistema-intern-informacio\\\/\"]}]},{\"@type\":\"BreadcrumbList\",\"@id\":\"https:\\\/\\\/www.duinclub.com\\\/ca\\\/sistema-intern-informacio\\\/#breadcrumb\",\"itemListElement\":[{\"@type\":\"ListItem\",\"position\":1,\"name\":\"Portada\",\"item\":\"https:\\\/\\\/www.duinclub.com\\\/ca\\\/\"},{\"@type\":\"ListItem\",\"position\":2,\"name\":\"Sistema intern d&#8217;informaci\u00f3\"}]},{\"@type\":\"WebSite\",\"@id\":\"https:\\\/\\\/www.duinclub.com\\\/ca\\\/#website\",\"url\":\"https:\\\/\\\/www.duinclub.com\\\/ca\\\/\",\"name\":\"DUIN\",\"description\":\"Tu club de fitness por excelencia\",\"publisher\":{\"@id\":\"https:\\\/\\\/www.duinclub.com\\\/ca\\\/#organization\"},\"potentialAction\":[{\"@type\":\"SearchAction\",\"target\":{\"@type\":\"EntryPoint\",\"urlTemplate\":\"https:\\\/\\\/www.duinclub.com\\\/ca\\\/?s={search_term_string}\"},\"query-input\":{\"@type\":\"PropertyValueSpecification\",\"valueRequired\":true,\"valueName\":\"search_term_string\"}}],\"inLanguage\":\"ca\"},{\"@type\":\"Organization\",\"@id\":\"https:\\\/\\\/www.duinclub.com\\\/ca\\\/#organization\",\"name\":\"DUIN\",\"url\":\"https:\\\/\\\/www.duinclub.com\\\/ca\\\/\",\"logo\":{\"@type\":\"ImageObject\",\"inLanguage\":\"ca\",\"@id\":\"https:\\\/\\\/www.duinclub.com\\\/ca\\\/#\\\/schema\\\/logo\\\/image\\\/\",\"url\":\"https:\\\/\\\/www.duinclub.com\\\/wp-content\\\/uploads\\\/2024\\\/10\\\/logo-favicon-duin.png\",\"contentUrl\":\"https:\\\/\\\/www.duinclub.com\\\/wp-content\\\/uploads\\\/2024\\\/10\\\/logo-favicon-duin.png\",\"width\":1,\"height\":1,\"caption\":\"DUIN\"},\"image\":{\"@id\":\"https:\\\/\\\/www.duinclub.com\\\/ca\\\/#\\\/schema\\\/logo\\\/image\\\/\"}}]}<\/script>\n<!-- \/ Yoast SEO plugin. -->","yoast_head_json":{"title":"Sistema intern d'informaci\u00f3 - DUIN","description":"Sistema Intern de Informaci\u00f3 de DUIN SPORTS CLUB: canal segur i confidencial per informar sobre irregularitats amb transpar\u00e8ncia.","robots":{"index":"index","follow":"follow","max-snippet":"max-snippet:-1","max-image-preview":"max-image-preview:large","max-video-preview":"max-video-preview:-1"},"canonical":"https:\/\/www.duinclub.com\/ca\/sistema-intern-informacio\/","og_locale":"ca_ES","og_type":"article","og_title":"Sistema intern d'informaci\u00f3 - DUIN","og_description":"Sistema Intern de Informaci\u00f3 de DUIN SPORTS CLUB: canal segur i confidencial per informar sobre irregularitats amb transpar\u00e8ncia.","og_url":"https:\/\/www.duinclub.com\/ca\/sistema-intern-informacio\/","og_site_name":"DUIN","article_modified_time":"2025-09-22T10:03:20+00:00","twitter_card":"summary_large_image","schema":{"@context":"https:\/\/schema.org","@graph":[{"@type":"WebPage","@id":"https:\/\/www.duinclub.com\/ca\/sistema-intern-informacio\/","url":"https:\/\/www.duinclub.com\/ca\/sistema-intern-informacio\/","name":"Sistema intern d'informaci\u00f3 - DUIN","isPartOf":{"@id":"https:\/\/www.duinclub.com\/ca\/#website"},"datePublished":"2025-09-22T09:43:10+00:00","dateModified":"2025-09-22T10:03:20+00:00","description":"Sistema Intern de Informaci\u00f3 de DUIN SPORTS CLUB: canal segur i confidencial per informar sobre irregularitats amb transpar\u00e8ncia.","breadcrumb":{"@id":"https:\/\/www.duinclub.com\/ca\/sistema-intern-informacio\/#breadcrumb"},"inLanguage":"ca","potentialAction":[{"@type":"ReadAction","target":["https:\/\/www.duinclub.com\/ca\/sistema-intern-informacio\/"]}]},{"@type":"BreadcrumbList","@id":"https:\/\/www.duinclub.com\/ca\/sistema-intern-informacio\/#breadcrumb","itemListElement":[{"@type":"ListItem","position":1,"name":"Portada","item":"https:\/\/www.duinclub.com\/ca\/"},{"@type":"ListItem","position":2,"name":"Sistema intern d&#8217;informaci\u00f3"}]},{"@type":"WebSite","@id":"https:\/\/www.duinclub.com\/ca\/#website","url":"https:\/\/www.duinclub.com\/ca\/","name":"DUIN","description":"Tu club de fitness por excelencia","publisher":{"@id":"https:\/\/www.duinclub.com\/ca\/#organization"},"potentialAction":[{"@type":"SearchAction","target":{"@type":"EntryPoint","urlTemplate":"https:\/\/www.duinclub.com\/ca\/?s={search_term_string}"},"query-input":{"@type":"PropertyValueSpecification","valueRequired":true,"valueName":"search_term_string"}}],"inLanguage":"ca"},{"@type":"Organization","@id":"https:\/\/www.duinclub.com\/ca\/#organization","name":"DUIN","url":"https:\/\/www.duinclub.com\/ca\/","logo":{"@type":"ImageObject","inLanguage":"ca","@id":"https:\/\/www.duinclub.com\/ca\/#\/schema\/logo\/image\/","url":"https:\/\/www.duinclub.com\/wp-content\/uploads\/2024\/10\/logo-favicon-duin.png","contentUrl":"https:\/\/www.duinclub.com\/wp-content\/uploads\/2024\/10\/logo-favicon-duin.png","width":1,"height":1,"caption":"DUIN"},"image":{"@id":"https:\/\/www.duinclub.com\/ca\/#\/schema\/logo\/image\/"}}]}},"_links":{"self":[{"href":"https:\/\/www.duinclub.com\/ca\/wp-json\/wp\/v2\/pages\/24428","targetHints":{"allow":["GET"]}}],"collection":[{"href":"https:\/\/www.duinclub.com\/ca\/wp-json\/wp\/v2\/pages"}],"about":[{"href":"https:\/\/www.duinclub.com\/ca\/wp-json\/wp\/v2\/types\/page"}],"author":[{"embeddable":true,"href":"https:\/\/www.duinclub.com\/ca\/wp-json\/wp\/v2\/users\/5"}],"replies":[{"embeddable":true,"href":"https:\/\/www.duinclub.com\/ca\/wp-json\/wp\/v2\/comments?post=24428"}],"version-history":[{"count":3,"href":"https:\/\/www.duinclub.com\/ca\/wp-json\/wp\/v2\/pages\/24428\/revisions"}],"predecessor-version":[{"id":24432,"href":"https:\/\/www.duinclub.com\/ca\/wp-json\/wp\/v2\/pages\/24428\/revisions\/24432"}],"wp:attachment":[{"href":"https:\/\/www.duinclub.com\/ca\/wp-json\/wp\/v2\/media?parent=24428"}],"curies":[{"name":"wp","href":"https:\/\/api.w.org\/{rel}","templated":true}]}}