{"id":2629,"date":"2024-07-16T22:00:05","date_gmt":"2024-07-16T20:00:05","guid":{"rendered":"https:\/\/duinclub.com\/noticies\/"},"modified":"2024-11-14T16:09:52","modified_gmt":"2024-11-14T15:09:52","slug":"noticies","status":"publish","type":"page","link":"https:\/\/www.duinclub.com\/ca\/noticies\/","title":{"rendered":"Not\u00edcies"},"content":{"rendered":"","protected":false},"excerpt":{"rendered":"","protected":false},"author":1,"featured_media":0,"parent":0,"menu_order":71,"comment_status":"closed","ping_status":"closed","template":"page-noticias.php","meta":{"_acf_changed":false,"content-type":"","inline_featured_image":false,"footnotes":""},"class_list":["post-2629","page","type-page","status-publish","hentry"],"acf":[],"yoast_head":"<!-- This site is optimized with the Yoast SEO plugin v27.3 - https:\/\/yoast.com\/product\/yoast-seo-wordpress\/ -->\n<title>Not\u00edcies - DUIN<\/title>\n<meta name=\"description\" content=\"Totes les not\u00edcies actuals de DUIN i sobre la teva salut, estigues informat sobre entrenament, nutrici\u00f3, estil de vida...\" \/>\n<meta name=\"robots\" content=\"index, follow, max-snippet:-1, max-image-preview:large, max-video-preview:-1\" \/>\n<link rel=\"canonical\" href=\"https:\/\/www.duinclub.com\/ca\/noticies\/\" \/>\n<meta property=\"og:locale\" content=\"ca_ES\" \/>\n<meta property=\"og:type\" content=\"article\" \/>\n<meta property=\"og:title\" content=\"Not\u00edcies - DUIN\" \/>\n<meta property=\"og:description\" content=\"Totes les not\u00edcies actuals de DUIN i sobre la teva salut, estigues informat sobre entrenament, nutrici\u00f3, estil de vida...\" \/>\n<meta property=\"og:url\" content=\"https:\/\/www.duinclub.com\/ca\/noticies\/\" \/>\n<meta property=\"og:site_name\" content=\"DUIN\" \/>\n<meta property=\"article:modified_time\" content=\"2024-11-14T15:09:52+00:00\" \/>\n<meta name=\"twitter:card\" content=\"summary_large_image\" \/>\n<script type=\"application\/ld+json\" class=\"yoast-schema-graph\">{\"@context\":\"https:\\\/\\\/schema.org\",\"@graph\":[{\"@type\":\"WebPage\",\"@id\":\"https:\\\/\\\/www.duinclub.com\\\/ca\\\/noticies\\\/\",\"url\":\"https:\\\/\\\/www.duinclub.com\\\/ca\\\/noticies\\\/\",\"name\":\"Not\u00edcies - DUIN\",\"isPartOf\":{\"@id\":\"https:\\\/\\\/www.duinclub.com\\\/ca\\\/#website\"},\"datePublished\":\"2024-07-16T20:00:05+00:00\",\"dateModified\":\"2024-11-14T15:09:52+00:00\",\"description\":\"Totes les not\u00edcies actuals de DUIN i sobre la teva salut, estigues informat sobre entrenament, nutrici\u00f3, estil de vida...\",\"breadcrumb\":{\"@id\":\"https:\\\/\\\/www.duinclub.com\\\/ca\\\/noticies\\\/#breadcrumb\"},\"inLanguage\":\"ca\",\"potentialAction\":[{\"@type\":\"ReadAction\",\"target\":[\"https:\\\/\\\/www.duinclub.com\\\/ca\\\/noticies\\\/\"]}]},{\"@type\":\"BreadcrumbList\",\"@id\":\"https:\\\/\\\/www.duinclub.com\\\/ca\\\/noticies\\\/#breadcrumb\",\"itemListElement\":[{\"@type\":\"ListItem\",\"position\":1,\"name\":\"Portada\",\"item\":\"https:\\\/\\\/www.duinclub.com\\\/ca\\\/\"},{\"@type\":\"ListItem\",\"position\":2,\"name\":\"Not\u00edcies\"}]},{\"@type\":\"WebSite\",\"@id\":\"https:\\\/\\\/www.duinclub.com\\\/ca\\\/#website\",\"url\":\"https:\\\/\\\/www.duinclub.com\\\/ca\\\/\",\"name\":\"DUIN\",\"description\":\"Tu club de fitness por excelencia\",\"publisher\":{\"@id\":\"https:\\\/\\\/www.duinclub.com\\\/ca\\\/#organization\"},\"potentialAction\":[{\"@type\":\"SearchAction\",\"target\":{\"@type\":\"EntryPoint\",\"urlTemplate\":\"https:\\\/\\\/www.duinclub.com\\\/ca\\\/?s={search_term_string}\"},\"query-input\":{\"@type\":\"PropertyValueSpecification\",\"valueRequired\":true,\"valueName\":\"search_term_string\"}}],\"inLanguage\":\"ca\"},{\"@type\":\"Organization\",\"@id\":\"https:\\\/\\\/www.duinclub.com\\\/ca\\\/#organization\",\"name\":\"DUIN\",\"url\":\"https:\\\/\\\/www.duinclub.com\\\/ca\\\/\",\"logo\":{\"@type\":\"ImageObject\",\"inLanguage\":\"ca\",\"@id\":\"https:\\\/\\\/www.duinclub.com\\\/ca\\\/#\\\/schema\\\/logo\\\/image\\\/\",\"url\":\"https:\\\/\\\/www.duinclub.com\\\/wp-content\\\/uploads\\\/2024\\\/10\\\/logo-favicon-duin.png\",\"contentUrl\":\"https:\\\/\\\/www.duinclub.com\\\/wp-content\\\/uploads\\\/2024\\\/10\\\/logo-favicon-duin.png\",\"width\":1,\"height\":1,\"caption\":\"DUIN\"},\"image\":{\"@id\":\"https:\\\/\\\/www.duinclub.com\\\/ca\\\/#\\\/schema\\\/logo\\\/image\\\/\"}}]}<\/script>\n<!-- \/ Yoast SEO plugin. -->","yoast_head_json":{"title":"Not\u00edcies - DUIN","description":"Totes les not\u00edcies actuals de DUIN i sobre la teva salut, estigues informat sobre entrenament, nutrici\u00f3, estil de vida...","robots":{"index":"index","follow":"follow","max-snippet":"max-snippet:-1","max-image-preview":"max-image-preview:large","max-video-preview":"max-video-preview:-1"},"canonical":"https:\/\/www.duinclub.com\/ca\/noticies\/","og_locale":"ca_ES","og_type":"article","og_title":"Not\u00edcies - DUIN","og_description":"Totes les not\u00edcies actuals de DUIN i sobre la teva salut, estigues informat sobre entrenament, nutrici\u00f3, estil de vida...","og_url":"https:\/\/www.duinclub.com\/ca\/noticies\/","og_site_name":"DUIN","article_modified_time":"2024-11-14T15:09:52+00:00","twitter_card":"summary_large_image","schema":{"@context":"https:\/\/schema.org","@graph":[{"@type":"WebPage","@id":"https:\/\/www.duinclub.com\/ca\/noticies\/","url":"https:\/\/www.duinclub.com\/ca\/noticies\/","name":"Not\u00edcies - DUIN","isPartOf":{"@id":"https:\/\/www.duinclub.com\/ca\/#website"},"datePublished":"2024-07-16T20:00:05+00:00","dateModified":"2024-11-14T15:09:52+00:00","description":"Totes les not\u00edcies actuals de DUIN i sobre la teva salut, estigues informat sobre entrenament, nutrici\u00f3, estil de vida...","breadcrumb":{"@id":"https:\/\/www.duinclub.com\/ca\/noticies\/#breadcrumb"},"inLanguage":"ca","potentialAction":[{"@type":"ReadAction","target":["https:\/\/www.duinclub.com\/ca\/noticies\/"]}]},{"@type":"BreadcrumbList","@id":"https:\/\/www.duinclub.com\/ca\/noticies\/#breadcrumb","itemListElement":[{"@type":"ListItem","position":1,"name":"Portada","item":"https:\/\/www.duinclub.com\/ca\/"},{"@type":"ListItem","position":2,"name":"Not\u00edcies"}]},{"@type":"WebSite","@id":"https:\/\/www.duinclub.com\/ca\/#website","url":"https:\/\/www.duinclub.com\/ca\/","name":"DUIN","description":"Tu club de fitness por excelencia","publisher":{"@id":"https:\/\/www.duinclub.com\/ca\/#organization"},"potentialAction":[{"@type":"SearchAction","target":{"@type":"EntryPoint","urlTemplate":"https:\/\/www.duinclub.com\/ca\/?s={search_term_string}"},"query-input":{"@type":"PropertyValueSpecification","valueRequired":true,"valueName":"search_term_string"}}],"inLanguage":"ca"},{"@type":"Organization","@id":"https:\/\/www.duinclub.com\/ca\/#organization","name":"DUIN","url":"https:\/\/www.duinclub.com\/ca\/","logo":{"@type":"ImageObject","inLanguage":"ca","@id":"https:\/\/www.duinclub.com\/ca\/#\/schema\/logo\/image\/","url":"https:\/\/www.duinclub.com\/wp-content\/uploads\/2024\/10\/logo-favicon-duin.png","contentUrl":"https:\/\/www.duinclub.com\/wp-content\/uploads\/2024\/10\/logo-favicon-duin.png","width":1,"height":1,"caption":"DUIN"},"image":{"@id":"https:\/\/www.duinclub.com\/ca\/#\/schema\/logo\/image\/"}}]}},"_links":{"self":[{"href":"https:\/\/www.duinclub.com\/ca\/wp-json\/wp\/v2\/pages\/2629","targetHints":{"allow":["GET"]}}],"collection":[{"href":"https:\/\/www.duinclub.com\/ca\/wp-json\/wp\/v2\/pages"}],"about":[{"href":"https:\/\/www.duinclub.com\/ca\/wp-json\/wp\/v2\/types\/page"}],"author":[{"embeddable":true,"href":"https:\/\/www.duinclub.com\/ca\/wp-json\/wp\/v2\/users\/1"}],"replies":[{"embeddable":true,"href":"https:\/\/www.duinclub.com\/ca\/wp-json\/wp\/v2\/comments?post=2629"}],"version-history":[{"count":1,"href":"https:\/\/www.duinclub.com\/ca\/wp-json\/wp\/v2\/pages\/2629\/revisions"}],"predecessor-version":[{"id":2656,"href":"https:\/\/www.duinclub.com\/ca\/wp-json\/wp\/v2\/pages\/2629\/revisions\/2656"}],"wp:attachment":[{"href":"https:\/\/www.duinclub.com\/ca\/wp-json\/wp\/v2\/media?parent=2629"}],"curies":[{"name":"wp","href":"https:\/\/api.w.org\/{rel}","templated":true}]}}