{"id":2714,"date":"2024-07-15T15:53:27","date_gmt":"2024-07-15T13:53:27","guid":{"rendered":"https:\/\/duinclub.com\/my-duin-app\/"},"modified":"2024-11-14T15:41:19","modified_gmt":"2024-11-14T14:41:19","slug":"my-duin-app","status":"publish","type":"page","link":"https:\/\/www.duinclub.com\/ca\/my-duin-app\/","title":{"rendered":"My DUIN App"},"content":{"rendered":"","protected":false},"excerpt":{"rendered":"","protected":false},"author":1,"featured_media":0,"parent":0,"menu_order":88,"comment_status":"closed","ping_status":"closed","template":"page-my-app.php","meta":{"_acf_changed":false,"content-type":"","inline_featured_image":false,"footnotes":""},"class_list":["post-2714","page","type-page","status-publish","hentry"],"acf":[],"yoast_head":"<!-- This site is optimized with the Yoast SEO plugin v27.3 - https:\/\/yoast.com\/product\/yoast-seo-wordpress\/ -->\n<title>My DUIN App - Tots els beneficis de ser de DUIN a la teva m\u00e0!<\/title>\n<meta name=\"description\" content=\"Descobreix My DUIN App. Reserva classes, consulta horaris, controla el teu progr\u00e9s i accedeix a continguts exclusius des del teu m\u00f2bil.\" \/>\n<meta name=\"robots\" content=\"index, follow, max-snippet:-1, max-image-preview:large, max-video-preview:-1\" \/>\n<link rel=\"canonical\" href=\"https:\/\/www.duinclub.com\/ca\/my-duin-app\/\" \/>\n<meta property=\"og:locale\" content=\"ca_ES\" \/>\n<meta property=\"og:type\" content=\"article\" \/>\n<meta property=\"og:title\" content=\"My DUIN App - Tots els beneficis de ser de DUIN a la teva m\u00e0!\" \/>\n<meta property=\"og:description\" content=\"Descobreix My DUIN App. Reserva classes, consulta horaris, controla el teu progr\u00e9s i accedeix a continguts exclusius des del teu m\u00f2bil.\" \/>\n<meta property=\"og:url\" content=\"https:\/\/www.duinclub.com\/ca\/my-duin-app\/\" \/>\n<meta property=\"og:site_name\" content=\"DUIN\" \/>\n<meta property=\"article:modified_time\" content=\"2024-11-14T14:41:19+00:00\" \/>\n<meta name=\"twitter:card\" content=\"summary_large_image\" \/>\n<script type=\"application\/ld+json\" class=\"yoast-schema-graph\">{\"@context\":\"https:\\\/\\\/schema.org\",\"@graph\":[{\"@type\":\"WebPage\",\"@id\":\"https:\\\/\\\/www.duinclub.com\\\/ca\\\/my-duin-app\\\/\",\"url\":\"https:\\\/\\\/www.duinclub.com\\\/ca\\\/my-duin-app\\\/\",\"name\":\"My DUIN App - Tots els beneficis de ser de DUIN a la teva m\u00e0!\",\"isPartOf\":{\"@id\":\"https:\\\/\\\/www.duinclub.com\\\/ca\\\/#website\"},\"datePublished\":\"2024-07-15T13:53:27+00:00\",\"dateModified\":\"2024-11-14T14:41:19+00:00\",\"description\":\"Descobreix My DUIN App. Reserva classes, consulta horaris, controla el teu progr\u00e9s i accedeix a continguts exclusius des del teu m\u00f2bil.\",\"breadcrumb\":{\"@id\":\"https:\\\/\\\/www.duinclub.com\\\/ca\\\/my-duin-app\\\/#breadcrumb\"},\"inLanguage\":\"ca\",\"potentialAction\":[{\"@type\":\"ReadAction\",\"target\":[\"https:\\\/\\\/www.duinclub.com\\\/ca\\\/my-duin-app\\\/\"]}]},{\"@type\":\"BreadcrumbList\",\"@id\":\"https:\\\/\\\/www.duinclub.com\\\/ca\\\/my-duin-app\\\/#breadcrumb\",\"itemListElement\":[{\"@type\":\"ListItem\",\"position\":1,\"name\":\"Portada\",\"item\":\"https:\\\/\\\/www.duinclub.com\\\/ca\\\/\"},{\"@type\":\"ListItem\",\"position\":2,\"name\":\"My DUIN App\"}]},{\"@type\":\"WebSite\",\"@id\":\"https:\\\/\\\/www.duinclub.com\\\/ca\\\/#website\",\"url\":\"https:\\\/\\\/www.duinclub.com\\\/ca\\\/\",\"name\":\"DUIN\",\"description\":\"Tu club de fitness por excelencia\",\"publisher\":{\"@id\":\"https:\\\/\\\/www.duinclub.com\\\/ca\\\/#organization\"},\"potentialAction\":[{\"@type\":\"SearchAction\",\"target\":{\"@type\":\"EntryPoint\",\"urlTemplate\":\"https:\\\/\\\/www.duinclub.com\\\/ca\\\/?s={search_term_string}\"},\"query-input\":{\"@type\":\"PropertyValueSpecification\",\"valueRequired\":true,\"valueName\":\"search_term_string\"}}],\"inLanguage\":\"ca\"},{\"@type\":\"Organization\",\"@id\":\"https:\\\/\\\/www.duinclub.com\\\/ca\\\/#organization\",\"name\":\"DUIN\",\"url\":\"https:\\\/\\\/www.duinclub.com\\\/ca\\\/\",\"logo\":{\"@type\":\"ImageObject\",\"inLanguage\":\"ca\",\"@id\":\"https:\\\/\\\/www.duinclub.com\\\/ca\\\/#\\\/schema\\\/logo\\\/image\\\/\",\"url\":\"https:\\\/\\\/www.duinclub.com\\\/wp-content\\\/uploads\\\/2024\\\/10\\\/logo-favicon-duin.png\",\"contentUrl\":\"https:\\\/\\\/www.duinclub.com\\\/wp-content\\\/uploads\\\/2024\\\/10\\\/logo-favicon-duin.png\",\"width\":1,\"height\":1,\"caption\":\"DUIN\"},\"image\":{\"@id\":\"https:\\\/\\\/www.duinclub.com\\\/ca\\\/#\\\/schema\\\/logo\\\/image\\\/\"}}]}<\/script>\n<!-- \/ Yoast SEO plugin. -->","yoast_head_json":{"title":"My DUIN App - Tots els beneficis de ser de DUIN a la teva m\u00e0!","description":"Descobreix My DUIN App. Reserva classes, consulta horaris, controla el teu progr\u00e9s i accedeix a continguts exclusius des del teu m\u00f2bil.","robots":{"index":"index","follow":"follow","max-snippet":"max-snippet:-1","max-image-preview":"max-image-preview:large","max-video-preview":"max-video-preview:-1"},"canonical":"https:\/\/www.duinclub.com\/ca\/my-duin-app\/","og_locale":"ca_ES","og_type":"article","og_title":"My DUIN App - Tots els beneficis de ser de DUIN a la teva m\u00e0!","og_description":"Descobreix My DUIN App. Reserva classes, consulta horaris, controla el teu progr\u00e9s i accedeix a continguts exclusius des del teu m\u00f2bil.","og_url":"https:\/\/www.duinclub.com\/ca\/my-duin-app\/","og_site_name":"DUIN","article_modified_time":"2024-11-14T14:41:19+00:00","twitter_card":"summary_large_image","schema":{"@context":"https:\/\/schema.org","@graph":[{"@type":"WebPage","@id":"https:\/\/www.duinclub.com\/ca\/my-duin-app\/","url":"https:\/\/www.duinclub.com\/ca\/my-duin-app\/","name":"My DUIN App - Tots els beneficis de ser de DUIN a la teva m\u00e0!","isPartOf":{"@id":"https:\/\/www.duinclub.com\/ca\/#website"},"datePublished":"2024-07-15T13:53:27+00:00","dateModified":"2024-11-14T14:41:19+00:00","description":"Descobreix My DUIN App. Reserva classes, consulta horaris, controla el teu progr\u00e9s i accedeix a continguts exclusius des del teu m\u00f2bil.","breadcrumb":{"@id":"https:\/\/www.duinclub.com\/ca\/my-duin-app\/#breadcrumb"},"inLanguage":"ca","potentialAction":[{"@type":"ReadAction","target":["https:\/\/www.duinclub.com\/ca\/my-duin-app\/"]}]},{"@type":"BreadcrumbList","@id":"https:\/\/www.duinclub.com\/ca\/my-duin-app\/#breadcrumb","itemListElement":[{"@type":"ListItem","position":1,"name":"Portada","item":"https:\/\/www.duinclub.com\/ca\/"},{"@type":"ListItem","position":2,"name":"My DUIN App"}]},{"@type":"WebSite","@id":"https:\/\/www.duinclub.com\/ca\/#website","url":"https:\/\/www.duinclub.com\/ca\/","name":"DUIN","description":"Tu club de fitness por excelencia","publisher":{"@id":"https:\/\/www.duinclub.com\/ca\/#organization"},"potentialAction":[{"@type":"SearchAction","target":{"@type":"EntryPoint","urlTemplate":"https:\/\/www.duinclub.com\/ca\/?s={search_term_string}"},"query-input":{"@type":"PropertyValueSpecification","valueRequired":true,"valueName":"search_term_string"}}],"inLanguage":"ca"},{"@type":"Organization","@id":"https:\/\/www.duinclub.com\/ca\/#organization","name":"DUIN","url":"https:\/\/www.duinclub.com\/ca\/","logo":{"@type":"ImageObject","inLanguage":"ca","@id":"https:\/\/www.duinclub.com\/ca\/#\/schema\/logo\/image\/","url":"https:\/\/www.duinclub.com\/wp-content\/uploads\/2024\/10\/logo-favicon-duin.png","contentUrl":"https:\/\/www.duinclub.com\/wp-content\/uploads\/2024\/10\/logo-favicon-duin.png","width":1,"height":1,"caption":"DUIN"},"image":{"@id":"https:\/\/www.duinclub.com\/ca\/#\/schema\/logo\/image\/"}}]}},"_links":{"self":[{"href":"https:\/\/www.duinclub.com\/ca\/wp-json\/wp\/v2\/pages\/2714","targetHints":{"allow":["GET"]}}],"collection":[{"href":"https:\/\/www.duinclub.com\/ca\/wp-json\/wp\/v2\/pages"}],"about":[{"href":"https:\/\/www.duinclub.com\/ca\/wp-json\/wp\/v2\/types\/page"}],"author":[{"embeddable":true,"href":"https:\/\/www.duinclub.com\/ca\/wp-json\/wp\/v2\/users\/1"}],"replies":[{"embeddable":true,"href":"https:\/\/www.duinclub.com\/ca\/wp-json\/wp\/v2\/comments?post=2714"}],"version-history":[{"count":4,"href":"https:\/\/www.duinclub.com\/ca\/wp-json\/wp\/v2\/pages\/2714\/revisions"}],"predecessor-version":[{"id":3113,"href":"https:\/\/www.duinclub.com\/ca\/wp-json\/wp\/v2\/pages\/2714\/revisions\/3113"}],"wp:attachment":[{"href":"https:\/\/www.duinclub.com\/ca\/wp-json\/wp\/v2\/media?parent=2714"}],"curies":[{"name":"wp","href":"https:\/\/api.w.org\/{rel}","templated":true}]}}