{"id":5539,"date":"2025-04-01T16:44:50","date_gmt":"2025-04-01T14:44:50","guid":{"rendered":"https:\/\/www.duinclub.com\/?page_id=5539"},"modified":"2025-09-01T13:55:28","modified_gmt":"2025-09-01T11:55:28","slug":"campus-destiu-duin-marisma","status":"publish","type":"page","link":"https:\/\/www.duinclub.com\/ca\/campus-destiu-duin-marisma\/","title":{"rendered":"CAMPUS D&#8217;ESTIU DUIN MARISMA"},"content":{"rendered":"<p><strong>CIVILITZACIONS: UN VIATGE \u00c8PIC A TRAV\u00c9S DEL TEMPS<\/strong><\/p>\n","protected":false},"excerpt":{"rendered":"<p>CIVILITZACIONS: UN VIATGE \u00c8PIC A TRAV\u00c9S DEL TEMPS<\/p>\n","protected":false},"author":5,"featured_media":5029,"parent":0,"menu_order":0,"comment_status":"closed","ping_status":"closed","template":"page-landing.php","meta":{"_acf_changed":false,"content-type":"","inline_featured_image":false,"footnotes":""},"class_list":["post-5539","page","type-page","status-publish","has-post-thumbnail","hentry"],"acf":[],"yoast_head":"<!-- This site is optimized with the Yoast SEO plugin v27.1.1 - https:\/\/yoast.com\/product\/yoast-seo-wordpress\/ -->\n<title>CAMPUS D&#039;ESTIU DUIN MARISMA - DUIN<\/title>\n<meta name=\"description\" content=\"Campus d&#039;Estiu DUIN 2025: Un viatge \u00e8pic a trav\u00e9s de civilitzacions antigues amb esport, cultura i diversi\u00f3 per als m\u00e9s nens!\" \/>\n<meta name=\"robots\" content=\"index, follow, max-snippet:-1, max-image-preview:large, max-video-preview:-1\" \/>\n<link rel=\"canonical\" href=\"https:\/\/www.duinclub.com\/ca\/campus-destiu-duin-marisma\/\" \/>\n<meta property=\"og:locale\" content=\"ca_ES\" \/>\n<meta property=\"og:type\" content=\"article\" \/>\n<meta property=\"og:title\" content=\"CAMPUS D&#039;ESTIU DUIN MARISMA - DUIN\" \/>\n<meta property=\"og:description\" content=\"Campus d&#039;Estiu DUIN 2025: Un viatge \u00e8pic a trav\u00e9s de civilitzacions antigues amb esport, cultura i diversi\u00f3 per als m\u00e9s nens!\" \/>\n<meta property=\"og:url\" content=\"https:\/\/www.duinclub.com\/ca\/campus-destiu-duin-marisma\/\" \/>\n<meta property=\"og:site_name\" content=\"DUIN\" \/>\n<meta property=\"article:modified_time\" content=\"2025-09-01T11:55:28+00:00\" \/>\n<meta property=\"og:image\" content=\"https:\/\/www.duinclub.com\/wp-content\/uploads\/2025\/03\/25_FEB_CAMPUS-SEMANA-SANTA_v1.jpg\" \/>\n\t<meta property=\"og:image:width\" content=\"1920\" \/>\n\t<meta property=\"og:image:height\" content=\"1080\" \/>\n\t<meta property=\"og:image:type\" content=\"image\/jpeg\" \/>\n<meta name=\"twitter:card\" content=\"summary_large_image\" \/>\n<meta name=\"twitter:label1\" content=\"Temps estimat de lectura\" \/>\n\t<meta name=\"twitter:data1\" content=\"1 minut\" \/>\n<script type=\"application\/ld+json\" class=\"yoast-schema-graph\">{\"@context\":\"https:\/\/schema.org\",\"@graph\":[{\"@type\":\"WebPage\",\"@id\":\"https:\/\/www.duinclub.com\/ca\/campus-destiu-duin-marisma\/\",\"url\":\"https:\/\/www.duinclub.com\/ca\/campus-destiu-duin-marisma\/\",\"name\":\"CAMPUS D'ESTIU DUIN MARISMA - DUIN\",\"isPartOf\":{\"@id\":\"https:\/\/www.duinclub.com\/ca\/#website\"},\"primaryImageOfPage\":{\"@id\":\"https:\/\/www.duinclub.com\/ca\/campus-destiu-duin-marisma\/#primaryimage\"},\"image\":{\"@id\":\"https:\/\/www.duinclub.com\/ca\/campus-destiu-duin-marisma\/#primaryimage\"},\"thumbnailUrl\":\"https:\/\/www.duinclub.com\/wp-content\/uploads\/2025\/03\/25_FEB_CAMPUS-SEMANA-SANTA_v1.jpg\",\"datePublished\":\"2025-04-01T14:44:50+00:00\",\"dateModified\":\"2025-09-01T11:55:28+00:00\",\"description\":\"Campus d'Estiu DUIN 2025: Un viatge \u00e8pic a trav\u00e9s de civilitzacions antigues amb esport, cultura i diversi\u00f3 per als m\u00e9s nens!\",\"breadcrumb\":{\"@id\":\"https:\/\/www.duinclub.com\/ca\/campus-destiu-duin-marisma\/#breadcrumb\"},\"inLanguage\":\"ca\",\"potentialAction\":[{\"@type\":\"ReadAction\",\"target\":[\"https:\/\/www.duinclub.com\/ca\/campus-destiu-duin-marisma\/\"]}]},{\"@type\":\"ImageObject\",\"inLanguage\":\"ca\",\"@id\":\"https:\/\/www.duinclub.com\/ca\/campus-destiu-duin-marisma\/#primaryimage\",\"url\":\"https:\/\/www.duinclub.com\/wp-content\/uploads\/2025\/03\/25_FEB_CAMPUS-SEMANA-SANTA_v1.jpg\",\"contentUrl\":\"https:\/\/www.duinclub.com\/wp-content\/uploads\/2025\/03\/25_FEB_CAMPUS-SEMANA-SANTA_v1.jpg\",\"width\":1920,\"height\":1080},{\"@type\":\"BreadcrumbList\",\"@id\":\"https:\/\/www.duinclub.com\/ca\/campus-destiu-duin-marisma\/#breadcrumb\",\"itemListElement\":[{\"@type\":\"ListItem\",\"position\":1,\"name\":\"Portada\",\"item\":\"https:\/\/www.duinclub.com\/ca\/\"},{\"@type\":\"ListItem\",\"position\":2,\"name\":\"CAMPUS D&#8217;ESTIU DUIN MARISMA\"}]},{\"@type\":\"WebSite\",\"@id\":\"https:\/\/www.duinclub.com\/ca\/#website\",\"url\":\"https:\/\/www.duinclub.com\/ca\/\",\"name\":\"DUIN\",\"description\":\"Tu club de fitness por excelencia\",\"publisher\":{\"@id\":\"https:\/\/www.duinclub.com\/ca\/#organization\"},\"potentialAction\":[{\"@type\":\"SearchAction\",\"target\":{\"@type\":\"EntryPoint\",\"urlTemplate\":\"https:\/\/www.duinclub.com\/ca\/?s={search_term_string}\"},\"query-input\":{\"@type\":\"PropertyValueSpecification\",\"valueRequired\":true,\"valueName\":\"search_term_string\"}}],\"inLanguage\":\"ca\"},{\"@type\":\"Organization\",\"@id\":\"https:\/\/www.duinclub.com\/ca\/#organization\",\"name\":\"DUIN\",\"url\":\"https:\/\/www.duinclub.com\/ca\/\",\"logo\":{\"@type\":\"ImageObject\",\"inLanguage\":\"ca\",\"@id\":\"https:\/\/www.duinclub.com\/ca\/#\/schema\/logo\/image\/\",\"url\":\"https:\/\/www.duinclub.com\/wp-content\/uploads\/2024\/10\/logo-favicon-duin.png\",\"contentUrl\":\"https:\/\/www.duinclub.com\/wp-content\/uploads\/2024\/10\/logo-favicon-duin.png\",\"width\":1,\"height\":1,\"caption\":\"DUIN\"},\"image\":{\"@id\":\"https:\/\/www.duinclub.com\/ca\/#\/schema\/logo\/image\/\"}}]}<\/script>\n<!-- \/ Yoast SEO plugin. -->","yoast_head_json":{"title":"CAMPUS D'ESTIU DUIN MARISMA - DUIN","description":"Campus d'Estiu DUIN 2025: Un viatge \u00e8pic a trav\u00e9s de civilitzacions antigues amb esport, cultura i diversi\u00f3 per als m\u00e9s nens!","robots":{"index":"index","follow":"follow","max-snippet":"max-snippet:-1","max-image-preview":"max-image-preview:large","max-video-preview":"max-video-preview:-1"},"canonical":"https:\/\/www.duinclub.com\/ca\/campus-destiu-duin-marisma\/","og_locale":"ca_ES","og_type":"article","og_title":"CAMPUS D'ESTIU DUIN MARISMA - DUIN","og_description":"Campus d'Estiu DUIN 2025: Un viatge \u00e8pic a trav\u00e9s de civilitzacions antigues amb esport, cultura i diversi\u00f3 per als m\u00e9s nens!","og_url":"https:\/\/www.duinclub.com\/ca\/campus-destiu-duin-marisma\/","og_site_name":"DUIN","article_modified_time":"2025-09-01T11:55:28+00:00","og_image":[{"width":1920,"height":1080,"url":"https:\/\/www.duinclub.com\/wp-content\/uploads\/2025\/03\/25_FEB_CAMPUS-SEMANA-SANTA_v1.jpg","type":"image\/jpeg"}],"twitter_card":"summary_large_image","twitter_misc":{"Temps estimat de lectura":"1 minut"},"schema":{"@context":"https:\/\/schema.org","@graph":[{"@type":"WebPage","@id":"https:\/\/www.duinclub.com\/ca\/campus-destiu-duin-marisma\/","url":"https:\/\/www.duinclub.com\/ca\/campus-destiu-duin-marisma\/","name":"CAMPUS D'ESTIU DUIN MARISMA - DUIN","isPartOf":{"@id":"https:\/\/www.duinclub.com\/ca\/#website"},"primaryImageOfPage":{"@id":"https:\/\/www.duinclub.com\/ca\/campus-destiu-duin-marisma\/#primaryimage"},"image":{"@id":"https:\/\/www.duinclub.com\/ca\/campus-destiu-duin-marisma\/#primaryimage"},"thumbnailUrl":"https:\/\/www.duinclub.com\/wp-content\/uploads\/2025\/03\/25_FEB_CAMPUS-SEMANA-SANTA_v1.jpg","datePublished":"2025-04-01T14:44:50+00:00","dateModified":"2025-09-01T11:55:28+00:00","description":"Campus d'Estiu DUIN 2025: Un viatge \u00e8pic a trav\u00e9s de civilitzacions antigues amb esport, cultura i diversi\u00f3 per als m\u00e9s nens!","breadcrumb":{"@id":"https:\/\/www.duinclub.com\/ca\/campus-destiu-duin-marisma\/#breadcrumb"},"inLanguage":"ca","potentialAction":[{"@type":"ReadAction","target":["https:\/\/www.duinclub.com\/ca\/campus-destiu-duin-marisma\/"]}]},{"@type":"ImageObject","inLanguage":"ca","@id":"https:\/\/www.duinclub.com\/ca\/campus-destiu-duin-marisma\/#primaryimage","url":"https:\/\/www.duinclub.com\/wp-content\/uploads\/2025\/03\/25_FEB_CAMPUS-SEMANA-SANTA_v1.jpg","contentUrl":"https:\/\/www.duinclub.com\/wp-content\/uploads\/2025\/03\/25_FEB_CAMPUS-SEMANA-SANTA_v1.jpg","width":1920,"height":1080},{"@type":"BreadcrumbList","@id":"https:\/\/www.duinclub.com\/ca\/campus-destiu-duin-marisma\/#breadcrumb","itemListElement":[{"@type":"ListItem","position":1,"name":"Portada","item":"https:\/\/www.duinclub.com\/ca\/"},{"@type":"ListItem","position":2,"name":"CAMPUS D&#8217;ESTIU DUIN MARISMA"}]},{"@type":"WebSite","@id":"https:\/\/www.duinclub.com\/ca\/#website","url":"https:\/\/www.duinclub.com\/ca\/","name":"DUIN","description":"Tu club de fitness por excelencia","publisher":{"@id":"https:\/\/www.duinclub.com\/ca\/#organization"},"potentialAction":[{"@type":"SearchAction","target":{"@type":"EntryPoint","urlTemplate":"https:\/\/www.duinclub.com\/ca\/?s={search_term_string}"},"query-input":{"@type":"PropertyValueSpecification","valueRequired":true,"valueName":"search_term_string"}}],"inLanguage":"ca"},{"@type":"Organization","@id":"https:\/\/www.duinclub.com\/ca\/#organization","name":"DUIN","url":"https:\/\/www.duinclub.com\/ca\/","logo":{"@type":"ImageObject","inLanguage":"ca","@id":"https:\/\/www.duinclub.com\/ca\/#\/schema\/logo\/image\/","url":"https:\/\/www.duinclub.com\/wp-content\/uploads\/2024\/10\/logo-favicon-duin.png","contentUrl":"https:\/\/www.duinclub.com\/wp-content\/uploads\/2024\/10\/logo-favicon-duin.png","width":1,"height":1,"caption":"DUIN"},"image":{"@id":"https:\/\/www.duinclub.com\/ca\/#\/schema\/logo\/image\/"}}]}},"_links":{"self":[{"href":"https:\/\/www.duinclub.com\/ca\/wp-json\/wp\/v2\/pages\/5539","targetHints":{"allow":["GET"]}}],"collection":[{"href":"https:\/\/www.duinclub.com\/ca\/wp-json\/wp\/v2\/pages"}],"about":[{"href":"https:\/\/www.duinclub.com\/ca\/wp-json\/wp\/v2\/types\/page"}],"author":[{"embeddable":true,"href":"https:\/\/www.duinclub.com\/ca\/wp-json\/wp\/v2\/users\/5"}],"replies":[{"embeddable":true,"href":"https:\/\/www.duinclub.com\/ca\/wp-json\/wp\/v2\/comments?post=5539"}],"version-history":[{"count":11,"href":"https:\/\/www.duinclub.com\/ca\/wp-json\/wp\/v2\/pages\/5539\/revisions"}],"predecessor-version":[{"id":20064,"href":"https:\/\/www.duinclub.com\/ca\/wp-json\/wp\/v2\/pages\/5539\/revisions\/20064"}],"wp:featuredmedia":[{"embeddable":true,"href":"https:\/\/www.duinclub.com\/ca\/wp-json\/wp\/v2\/media\/5029"}],"wp:attachment":[{"href":"https:\/\/www.duinclub.com\/ca\/wp-json\/wp\/v2\/media?parent=5539"}],"curies":[{"name":"wp","href":"https:\/\/api.w.org\/{rel}","templated":true}]}}